{"id":6370,"date":"2018-04-10T10:58:43","date_gmt":"2018-04-10T10:58:43","guid":{"rendered":"https:\/\/naturalife.rtthemes.com\/demo\/?page_id=6370"},"modified":"2021-07-27T15:33:56","modified_gmt":"2021-07-27T15:33:56","slug":"controle-de-pragas","status":"publish","type":"page","link":"https:\/\/agiagro.agr.br\/site\/controle-de-pragas\/","title":{"rendered":"Controle de Pragas"},"content":{"rendered":"\t\t<div data-elementor-type=\"wp-post\" data-elementor-id=\"6370\" class=\"elementor elementor-6370\">\n\t\t\t\t\t\t<section class=\"elementor-section elementor-top-section elementor-element elementor-element-b254899 elementor-section-boxed elementor-section-height-default elementor-section-height-default\" data-id=\"b254899\" data-element_type=\"section\" data-settings=\"{&quot;background_background&quot;:&quot;classic&quot;}\">\n\t\t\t\t\t\t<div class=\"elementor-container elementor-column-gap-default\">\n\t\t\t\t\t<div class=\"elementor-column elementor-col-100 elementor-top-column elementor-element elementor-element-b0fa06f\" data-id=\"b0fa06f\" data-element_type=\"column\">\n\t\t\t<div class=\"elementor-widget-wrap elementor-element-populated\">\n\t\t\t\t\t\t<div class=\"elementor-element elementor-element-368b226 elementor-widget elementor-widget-video\" data-id=\"368b226\" data-element_type=\"widget\" data-settings=\"{&quot;youtube_url&quot;:&quot;https:\\\/\\\/www.youtube.com\\\/watch?v=2s4MgvvXgrI&quot;,&quot;video_type&quot;:&quot;youtube&quot;,&quot;controls&quot;:&quot;yes&quot;}\" data-widget_type=\"video.default\">\n\t\t\t\t<div class=\"elementor-widget-container\">\n\t\t\t\t\t<div class=\"elementor-wrapper elementor-open-inline\">\n\t\t\t<div class=\"elementor-video\"><\/div>\t\t<\/div>\n\t\t\t\t<\/div>\n\t\t\t\t<\/div>\n\t\t\t\t\t<\/div>\n\t\t<\/div>\n\t\t\t\t\t<\/div>\n\t\t<\/section>\n\t\t\t\t<section class=\"elementor-section elementor-top-section elementor-element elementor-element-a67075f elementor-section-content-middle elementor-section-boxed elementor-section-height-default elementor-section-height-default\" data-id=\"a67075f\" data-element_type=\"section\" data-settings=\"{&quot;background_background&quot;:&quot;classic&quot;}\">\n\t\t\t\t\t\t\t<div class=\"elementor-background-overlay\"><\/div>\n\t\t\t\t\t\t\t<div class=\"elementor-container elementor-column-gap-default\">\n\t\t\t\t\t<div class=\"elementor-column elementor-col-100 elementor-top-column elementor-element elementor-element-7d7e01b\" data-id=\"7d7e01b\" data-element_type=\"column\">\n\t\t\t<div class=\"elementor-widget-wrap elementor-element-populated\">\n\t\t\t\t\t\t<div class=\"elementor-element elementor-element-4a9e972 animated-slow elementor-invisible elementor-widget elementor-widget-image\" data-id=\"4a9e972\" data-element_type=\"widget\" data-settings=\"{&quot;_animation&quot;:&quot;bounceInRight&quot;,&quot;_animation_mobile&quot;:&quot;bounceInRight&quot;}\" data-widget_type=\"image.default\">\n\t\t\t\t<div class=\"elementor-widget-container\">\n\t\t\t\t\t\t\t\t\t\t\t\t\t<img fetchpriority=\"high\" decoding=\"async\" width=\"1024\" height=\"322\" src=\"https:\/\/agiagro.agr.br\/site\/wp-content\/uploads\/2021\/07\/crospideo-1024x322.png\" class=\"attachment-large size-large wp-image-7204\" alt=\"\" srcset=\"https:\/\/agiagro.agr.br\/site\/wp-content\/uploads\/2021\/07\/crospideo-1024x322.png 1024w, https:\/\/agiagro.agr.br\/site\/wp-content\/uploads\/2021\/07\/crospideo-300x94.png 300w, https:\/\/agiagro.agr.br\/site\/wp-content\/uploads\/2021\/07\/crospideo-768x241.png 768w, https:\/\/agiagro.agr.br\/site\/wp-content\/uploads\/2021\/07\/crospideo-628x197.png 628w, https:\/\/agiagro.agr.br\/site\/wp-content\/uploads\/2021\/07\/crospideo-1220x383.png 1220w, https:\/\/agiagro.agr.br\/site\/wp-content\/uploads\/2021\/07\/crospideo-915x288.png 915w, https:\/\/agiagro.agr.br\/site\/wp-content\/uploads\/2021\/07\/crospideo-600x189.png 600w, https:\/\/agiagro.agr.br\/site\/wp-content\/uploads\/2021\/07\/crospideo-393x123.png 393w, https:\/\/agiagro.agr.br\/site\/wp-content\/uploads\/2021\/07\/crospideo-290x91.png 290w, https:\/\/agiagro.agr.br\/site\/wp-content\/uploads\/2021\/07\/crospideo.png 1257w\" sizes=\"(max-width: 1024px) 100vw, 1024px\" \/>\t\t\t\t\t\t\t\t\t\t\t\t\t<\/div>\n\t\t\t\t<\/div>\n\t\t\t\t<div class=\"elementor-element elementor-element-f5dd723 elementor-invisible elementor-widget elementor-widget-text-editor\" data-id=\"f5dd723\" data-element_type=\"widget\" data-settings=\"{&quot;_animation&quot;:&quot;fadeInUp&quot;}\" data-widget_type=\"text-editor.default\">\n\t\t\t\t<div class=\"elementor-widget-container\">\n\t\t\t\t\t\t\t<p><strong>Os crisop\u00eddeos s\u00e3o os insetos mais estudados dentro da ordem<\/strong><br \/><strong>Neuroptera, devido \u00e0 sua larga ocorr\u00eancia e reconhecida import\u00e2ncia<\/strong><br \/><strong>como agentes de controle biol\u00f3gico, pois s\u00e3o predadores vorazes nas<\/strong><br \/><strong>fases larvais, possuindo um alto potencial reprodutivo, grande<\/strong><br \/><strong>capacidade de busca das larvas e toler\u00e2ncia a alguns inseticidas, no<\/strong><br \/><strong>caso espec\u00edfico de certas esp\u00e9cies. Este fato os caracteriza como<\/strong><br \/><strong>predadores-chave em diversos agroecossistemas, por serem<\/strong><br \/><strong>considerados organismos importantes para o controle biol\u00f3gico,<\/strong><br \/><strong>apresentando boa capacidade de adapta\u00e7\u00e3o \u00e0s condi\u00e7\u00f5es laboratoriais.<\/strong><br \/><strong>Adultos e larvas de crisop\u00eddeos est\u00e3o presentes em muitos<\/strong><br \/><strong>agroecossistemas, alimentando-se de v\u00e1rias esp\u00e9cies de pragas<\/strong><br \/><strong>agr\u00edcolas, como cochonilhas, pulg\u00f5es, mosca branca, \u00e1caros e tripes,<\/strong><br \/><strong>al\u00e9m de ovos e larvas de diversas esp\u00e9cies de lepid\u00f3pteros (Freitas &amp;<\/strong><br \/><strong>Fernandes, 1996).<\/strong><br \/><strong>Segundo Ridgway &amp; Jones (1968) nos USA e na U.R.S.S. os crisop\u00eddeos<\/strong><br \/><strong>mostraram-se eficientes no controle de Heliothis spp. (Lepid\u00f3ptera:<\/strong><br \/><strong>Noctuidae) em algodoeiro e diversas esp\u00e9cies de af\u00eddeos, no campo ou<\/strong><br \/><strong>em casa-de-vegeta\u00e7\u00e3o<\/strong><\/p>\t\t\t\t\t\t<\/div>\n\t\t\t\t<\/div>\n\t\t\t\t<div class=\"elementor-element elementor-element-08bddb3 elementor-widget elementor-widget-image-gallery\" data-id=\"08bddb3\" data-element_type=\"widget\" data-widget_type=\"image-gallery.default\">\n\t\t\t\t<div class=\"elementor-widget-container\">\n\t\t\t\t\t<div class=\"elementor-image-gallery\">\n\t\t\t\n\t\t<style type=\"text\/css\">\n\t\t\t#gallery-1 {\n\t\t\t\tmargin: auto;\n\t\t\t}\n\t\t\t#gallery-1 .gallery-item {\n\t\t\t\tfloat: left;\n\t\t\t\tmargin-top: 10px;\n\t\t\t\ttext-align: center;\n\t\t\t\twidth: 33%;\n\t\t\t}\n\t\t\t#gallery-1 img {\n\t\t\t\tborder: 2px solid #cfcfcf;\n\t\t\t}\n\t\t\t#gallery-1 .gallery-caption {\n\t\t\t\tmargin-left: 0;\n\t\t\t}\n\t\t\t\/* see gallery_shortcode() in wp-includes\/media.php *\/\n\t\t<\/style>\n\t\t<div id='gallery-1' class='gallery galleryid-6370 gallery-columns-3 gallery-size-medium_large'><dl class='gallery-item'>\n\t\t\t<dt class='gallery-icon landscape'>\n\t\t\t\t<a data-elementor-open-lightbox=\"yes\" data-elementor-lightbox-slideshow=\"08bddb3\" data-elementor-lightbox-title=\"Foto-01-16-1024x683\" data-e-action-hash=\"#elementor-action%3Aaction%3Dlightbox%26settings%3DeyJpZCI6NzAwMywidXJsIjoiaHR0cHM6XC9cL2FnaWFncm8uYWdyLmJyXC9zaXRlXC93cC1jb250ZW50XC91cGxvYWRzXC8yMDIxXC8wN1wvRm90by0wMS0xNi0xMDI0eDY4My0xLmpwZyIsInNsaWRlc2hvdyI6IjA4YmRkYjMifQ%3D%3D\" href='https:\/\/agiagro.agr.br\/site\/wp-content\/uploads\/2021\/07\/Foto-01-16-1024x683-1.jpg'><img decoding=\"async\" width=\"768\" height=\"512\" src=\"https:\/\/agiagro.agr.br\/site\/wp-content\/uploads\/2021\/07\/Foto-01-16-1024x683-1-768x512.jpg\" class=\"attachment-medium_large size-medium_large\" alt=\"\" srcset=\"https:\/\/agiagro.agr.br\/site\/wp-content\/uploads\/2021\/07\/Foto-01-16-1024x683-1-768x512.jpg 768w, https:\/\/agiagro.agr.br\/site\/wp-content\/uploads\/2021\/07\/Foto-01-16-1024x683-1-300x200.jpg 300w, https:\/\/agiagro.agr.br\/site\/wp-content\/uploads\/2021\/07\/Foto-01-16-1024x683-1-512x341.jpg 512w, https:\/\/agiagro.agr.br\/site\/wp-content\/uploads\/2021\/07\/Foto-01-16-1024x683-1-915x610.jpg 915w, https:\/\/agiagro.agr.br\/site\/wp-content\/uploads\/2021\/07\/Foto-01-16-1024x683-1-600x400.jpg 600w, https:\/\/agiagro.agr.br\/site\/wp-content\/uploads\/2021\/07\/Foto-01-16-1024x683-1-393x262.jpg 393w, https:\/\/agiagro.agr.br\/site\/wp-content\/uploads\/2021\/07\/Foto-01-16-1024x683-1-290x193.jpg 290w, https:\/\/agiagro.agr.br\/site\/wp-content\/uploads\/2021\/07\/Foto-01-16-1024x683-1.jpg 1024w\" sizes=\"(max-width: 768px) 100vw, 768px\" \/><\/a>\n\t\t\t<\/dt><\/dl><dl class='gallery-item'>\n\t\t\t<dt class='gallery-icon landscape'>\n\t\t\t\t<a data-elementor-open-lightbox=\"yes\" data-elementor-lightbox-slideshow=\"08bddb3\" data-elementor-lightbox-title=\"CONTROLE-600x382-1\" data-e-action-hash=\"#elementor-action%3Aaction%3Dlightbox%26settings%3DeyJpZCI6Njk5NywidXJsIjoiaHR0cHM6XC9cL2FnaWFncm8uYWdyLmJyXC9zaXRlXC93cC1jb250ZW50XC91cGxvYWRzXC8yMDIxXC8wN1wvQ09OVFJPTEUtNjAweDM4Mi0xLmpwZyIsInNsaWRlc2hvdyI6IjA4YmRkYjMifQ%3D%3D\" href='https:\/\/agiagro.agr.br\/site\/wp-content\/uploads\/2021\/07\/CONTROLE-600x382-1.jpg'><img decoding=\"async\" width=\"600\" height=\"382\" src=\"https:\/\/agiagro.agr.br\/site\/wp-content\/uploads\/2021\/07\/CONTROLE-600x382-1.jpg\" class=\"attachment-medium_large size-medium_large\" alt=\"\" srcset=\"https:\/\/agiagro.agr.br\/site\/wp-content\/uploads\/2021\/07\/CONTROLE-600x382-1.jpg 600w, https:\/\/agiagro.agr.br\/site\/wp-content\/uploads\/2021\/07\/CONTROLE-600x382-1-300x191.jpg 300w, https:\/\/agiagro.agr.br\/site\/wp-content\/uploads\/2021\/07\/CONTROLE-600x382-1-393x250.jpg 393w, https:\/\/agiagro.agr.br\/site\/wp-content\/uploads\/2021\/07\/CONTROLE-600x382-1-290x185.jpg 290w\" sizes=\"(max-width: 600px) 100vw, 600px\" \/><\/a>\n\t\t\t<\/dt><\/dl><dl class='gallery-item'>\n\t\t\t<dt class='gallery-icon landscape'>\n\t\t\t\t<a data-elementor-open-lightbox=\"yes\" data-elementor-lightbox-slideshow=\"08bddb3\" data-elementor-lightbox-title=\"Farmer spraying his crops using a drone\" data-e-action-hash=\"#elementor-action%3Aaction%3Dlightbox%26settings%3DeyJpZCI6Njk5MiwidXJsIjoiaHR0cHM6XC9cL2FnaWFncm8uYWdyLmJyXC9zaXRlXC93cC1jb250ZW50XC91cGxvYWRzXC8yMDIxXC8wN1wvMjg2NjI0LXJhcGhhZWwtZmF2b3ItZW50cmVnYXItYXRlLTE1MDQtY29tby1vLXVzby1kZS1kcm9uZXMtbmEtYWdyaWN1bHR1cmEtdGVtLWdlcmFkby1tZWxob3Jlcy1yZXN1bHRhZG9zLmpwZyIsInNsaWRlc2hvdyI6IjA4YmRkYjMifQ%3D%3D\" href='https:\/\/agiagro.agr.br\/site\/wp-content\/uploads\/2021\/07\/286624-raphael-favor-entregar-ate-1504-como-o-uso-de-drones-na-agricultura-tem-gerado-melhores-resultados.jpg'><img loading=\"lazy\" decoding=\"async\" width=\"724\" height=\"483\" src=\"https:\/\/agiagro.agr.br\/site\/wp-content\/uploads\/2021\/07\/286624-raphael-favor-entregar-ate-1504-como-o-uso-de-drones-na-agricultura-tem-gerado-melhores-resultados.jpg\" class=\"attachment-medium_large size-medium_large\" alt=\"\" srcset=\"https:\/\/agiagro.agr.br\/site\/wp-content\/uploads\/2021\/07\/286624-raphael-favor-entregar-ate-1504-como-o-uso-de-drones-na-agricultura-tem-gerado-melhores-resultados.jpg 724w, https:\/\/agiagro.agr.br\/site\/wp-content\/uploads\/2021\/07\/286624-raphael-favor-entregar-ate-1504-como-o-uso-de-drones-na-agricultura-tem-gerado-melhores-resultados-300x200.jpg 300w, https:\/\/agiagro.agr.br\/site\/wp-content\/uploads\/2021\/07\/286624-raphael-favor-entregar-ate-1504-como-o-uso-de-drones-na-agricultura-tem-gerado-melhores-resultados-362x241.jpg 362w, https:\/\/agiagro.agr.br\/site\/wp-content\/uploads\/2021\/07\/286624-raphael-favor-entregar-ate-1504-como-o-uso-de-drones-na-agricultura-tem-gerado-melhores-resultados-600x400.jpg 600w, https:\/\/agiagro.agr.br\/site\/wp-content\/uploads\/2021\/07\/286624-raphael-favor-entregar-ate-1504-como-o-uso-de-drones-na-agricultura-tem-gerado-melhores-resultados-393x262.jpg 393w, https:\/\/agiagro.agr.br\/site\/wp-content\/uploads\/2021\/07\/286624-raphael-favor-entregar-ate-1504-como-o-uso-de-drones-na-agricultura-tem-gerado-melhores-resultados-290x193.jpg 290w\" sizes=\"(max-width: 724px) 100vw, 724px\" \/><\/a>\n\t\t\t<\/dt><\/dl><br style=\"clear: both\" \/>\n\t\t<\/div>\n\t\t<\/div>\n\t\t\t\t<\/div>\n\t\t\t\t<\/div>\n\t\t\t\t\t<\/div>\n\t\t<\/div>\n\t\t\t\t\t<\/div>\n\t\t<\/section>\n\t\t\t\t<section class=\"elementor-section elementor-top-section elementor-element elementor-element-a72ba70 elementor-section-content-middle elementor-section-height-min-height elementor-section-boxed elementor-section-height-default elementor-section-items-middle\" data-id=\"a72ba70\" data-element_type=\"section\" data-settings=\"{&quot;background_background&quot;:&quot;classic&quot;}\">\n\t\t\t\t\t\t<div class=\"elementor-container elementor-column-gap-default\">\n\t\t\t\t\t<div class=\"elementor-column elementor-col-100 elementor-top-column elementor-element elementor-element-e48fe08\" data-id=\"e48fe08\" data-element_type=\"column\">\n\t\t\t<div class=\"elementor-widget-wrap elementor-element-populated\">\n\t\t\t\t\t\t<div class=\"elementor-element elementor-element-2616274 elementor-arrows-position-inside elementor-pagination-position-outside elementor-widget elementor-widget-image-carousel\" data-id=\"2616274\" data-element_type=\"widget\" data-settings=\"{&quot;slides_to_show&quot;:&quot;4&quot;,&quot;slides_to_scroll&quot;:&quot;1&quot;,&quot;navigation&quot;:&quot;both&quot;,&quot;autoplay&quot;:&quot;yes&quot;,&quot;pause_on_hover&quot;:&quot;yes&quot;,&quot;pause_on_interaction&quot;:&quot;yes&quot;,&quot;autoplay_speed&quot;:5000,&quot;infinite&quot;:&quot;yes&quot;,&quot;speed&quot;:500}\" data-widget_type=\"image-carousel.default\">\n\t\t\t\t<div class=\"elementor-widget-container\">\n\t\t\t\t\t<div class=\"elementor-image-carousel-wrapper swiper\" dir=\"ltr\">\n\t\t\t<div class=\"elementor-image-carousel swiper-wrapper\" aria-live=\"off\">\n\t\t\t\t\t\t\t\t<div class=\"swiper-slide\" role=\"group\" aria-roledescription=\"slide\" aria-label=\"1 de 4\"><figure class=\"swiper-slide-inner\"><img decoding=\"async\" class=\"swiper-slide-image\" src=\"https:\/\/agiagro.agr.br\/site\/wp-content\/uploads\/2021\/07\/fases-crisopideos-1-300x144.png\" alt=\"fases crisopideos 1\" \/><\/figure><\/div><div class=\"swiper-slide\" role=\"group\" aria-roledescription=\"slide\" aria-label=\"2 de 4\"><figure class=\"swiper-slide-inner\"><img decoding=\"async\" class=\"swiper-slide-image\" src=\"https:\/\/agiagro.agr.br\/site\/wp-content\/uploads\/2021\/07\/fases-crisopideos-2-300x144.png\" alt=\"fases crisopideos 2\" \/><\/figure><\/div><div class=\"swiper-slide\" role=\"group\" aria-roledescription=\"slide\" aria-label=\"3 de 4\"><figure class=\"swiper-slide-inner\"><img decoding=\"async\" class=\"swiper-slide-image\" src=\"https:\/\/agiagro.agr.br\/site\/wp-content\/uploads\/2021\/07\/fases-crisopideos-3-300x144.png\" alt=\"fases crisopideos 3\" \/><\/figure><\/div><div class=\"swiper-slide\" role=\"group\" aria-roledescription=\"slide\" aria-label=\"4 de 4\"><figure class=\"swiper-slide-inner\"><img decoding=\"async\" class=\"swiper-slide-image\" src=\"https:\/\/agiagro.agr.br\/site\/wp-content\/uploads\/2021\/07\/fases-crisopideos-4-300x144.png\" alt=\"fases crisopideos 4\" \/><\/figure><\/div>\t\t\t<\/div>\n\t\t\t\t\t\t\t\t\t\t\t\t<div class=\"elementor-swiper-button elementor-swiper-button-prev\" role=\"button\" tabindex=\"0\">\n\t\t\t\t\t\t<i aria-hidden=\"true\" class=\"eicon-chevron-left\"><\/i>\t\t\t\t\t<\/div>\n\t\t\t\t\t<div class=\"elementor-swiper-button elementor-swiper-button-next\" role=\"button\" tabindex=\"0\">\n\t\t\t\t\t\t<i aria-hidden=\"true\" class=\"eicon-chevron-right\"><\/i>\t\t\t\t\t<\/div>\n\t\t\t\t\n\t\t\t\t\t\t\t\t\t<div class=\"swiper-pagination\"><\/div>\n\t\t\t\t\t\t\t\t\t<\/div>\n\t\t\t\t<\/div>\n\t\t\t\t<\/div>\n\t\t\t\t\t<\/div>\n\t\t<\/div>\n\t\t\t\t\t<\/div>\n\t\t<\/section>\n\t\t\t\t<section class=\"elementor-section elementor-top-section elementor-element elementor-element-6f2d4cbe elementor-section-content-middle elementor-section-height-full elementor-section-boxed elementor-section-height-default elementor-section-items-middle\" data-id=\"6f2d4cbe\" data-element_type=\"section\" data-settings=\"{&quot;background_background&quot;:&quot;classic&quot;}\">\n\t\t\t\t\t\t<div class=\"elementor-container elementor-column-gap-default\">\n\t\t\t\t\t<div class=\"elementor-column elementor-col-50 elementor-top-column elementor-element elementor-element-3859cf74\" data-id=\"3859cf74\" data-element_type=\"column\">\n\t\t\t<div class=\"elementor-widget-wrap elementor-element-populated\">\n\t\t\t\t\t\t<div class=\"elementor-element elementor-element-2008ed0a animated-slow elementor-invisible elementor-widget elementor-widget-image\" data-id=\"2008ed0a\" data-element_type=\"widget\" data-settings=\"{&quot;_animation&quot;:&quot;zoomInLeft&quot;,&quot;_animation_tablet&quot;:&quot;zoomInDown&quot;,&quot;_animation_mobile&quot;:&quot;zoomInDown&quot;}\" data-widget_type=\"image.default\">\n\t\t\t\t<div class=\"elementor-widget-container\">\n\t\t\t\t\t\t\t\t\t\t\t\t\t<img decoding=\"async\" src=\"https:\/\/agiagro.agr.br\/site\/wp-content\/uploads\/elementor\/thumbs\/csm_Foto_2_estudio_-_Geocom_cb5d8cd36d-p1y5wrilcp8ckw28jj835jtv49xq2gea45440o8pts.png\" title=\"csm_Foto_2_estudio_-_Geocom_cb5d8cd36d\" alt=\"csm_Foto_2_estudio_-_Geocom_cb5d8cd36d\" loading=\"lazy\" \/>\t\t\t\t\t\t\t\t\t\t\t\t\t<\/div>\n\t\t\t\t<\/div>\n\t\t\t\t\t<\/div>\n\t\t<\/div>\n\t\t\t\t<div class=\"elementor-column elementor-col-50 elementor-top-column elementor-element elementor-element-39a75b82 animated-slow elementor-invisible\" data-id=\"39a75b82\" data-element_type=\"column\" data-settings=\"{&quot;animation&quot;:&quot;fadeInRight&quot;}\">\n\t\t\t<div class=\"elementor-widget-wrap elementor-element-populated\">\n\t\t\t\t\t\t<div class=\"elementor-element elementor-element-7c597b12 elementor-widget elementor-widget-text-editor\" data-id=\"7c597b12\" data-element_type=\"widget\" data-widget_type=\"text-editor.default\">\n\t\t\t\t<div class=\"elementor-widget-container\">\n\t\t\t\t\t\t\t<p>Agiagro trabalha com solu\u00e7\u00f5es empresariais personalizadas, tem todas licen\u00e7as para desenvolver seu trabalho: \u201cRealizamos com compet\u00eancia, o Controle de Pragas Urbanas atrav\u00e9s de um Sistema de Qualidade em cont\u00ednua evolu\u00e7\u00e3o, promovendo melhoria na sa\u00fade, qualidade de vida, respeito ao meio ambiente e requisitos aplic\u00e1veis, atendendo as expectativas dos clientes e objetivos de qualidade com estrutura apropriada e apoiada pelo plano estrat\u00e9gico vigente.<\/p>\t\t\t\t\t\t<\/div>\n\t\t\t\t<\/div>\n\t\t\t\t\t<\/div>\n\t\t<\/div>\n\t\t\t\t\t<\/div>\n\t\t<\/section>\n\t\t\t\t<\/div>\n\t\t","protected":false},"excerpt":{"rendered":"<p>Os Funcion\u00e1rios do M\u00eas Os crisop\u00eddeos s\u00e3o os insetos mais estudados dentro da ordemNeuroptera, devido \u00e0 sua larga ocorr\u00eancia e reconhecida import\u00e2nciacomo agentes de controle biol\u00f3gico, pois s\u00e3o predadores vorazes nasfases larvais, possuindo um alto potencial reprodutivo, grandecapacidade de busca das larvas e toler\u00e2ncia a alguns inseticidas, nocaso espec\u00edfico de certas esp\u00e9cies. Este fato os [&hellip;]<\/p>\n","protected":false},"author":1,"featured_media":0,"parent":0,"menu_order":0,"comment_status":"closed","ping_status":"closed","template":"","meta":{"footnotes":""},"class_list":["post-6370","page","type-page","status-publish","hentry"],"_links":{"self":[{"href":"https:\/\/agiagro.agr.br\/site\/wp-json\/wp\/v2\/pages\/6370"}],"collection":[{"href":"https:\/\/agiagro.agr.br\/site\/wp-json\/wp\/v2\/pages"}],"about":[{"href":"https:\/\/agiagro.agr.br\/site\/wp-json\/wp\/v2\/types\/page"}],"author":[{"embeddable":true,"href":"https:\/\/agiagro.agr.br\/site\/wp-json\/wp\/v2\/users\/1"}],"replies":[{"embeddable":true,"href":"https:\/\/agiagro.agr.br\/site\/wp-json\/wp\/v2\/comments?post=6370"}],"version-history":[{"count":20,"href":"https:\/\/agiagro.agr.br\/site\/wp-json\/wp\/v2\/pages\/6370\/revisions"}],"predecessor-version":[{"id":7283,"href":"https:\/\/agiagro.agr.br\/site\/wp-json\/wp\/v2\/pages\/6370\/revisions\/7283"}],"wp:attachment":[{"href":"https:\/\/agiagro.agr.br\/site\/wp-json\/wp\/v2\/media?parent=6370"}],"curies":[{"name":"wp","href":"https:\/\/api.w.org\/{rel}","templated":true}]}}