{"id":5607,"date":"2018-03-07T23:57:01","date_gmt":"2018-03-07T23:57:01","guid":{"rendered":"https:\/\/naturalife.rtthemes.com\/demo\/?page_id=5607"},"modified":"2021-07-27T21:31:32","modified_gmt":"2021-07-27T21:31:32","slug":"contatos","status":"publish","type":"page","link":"https:\/\/agiagro.agr.br\/site\/contatos\/","title":{"rendered":"Contatos"},"content":{"rendered":"\t\t<div data-elementor-type=\"wp-page\" data-elementor-id=\"5607\" class=\"elementor elementor-5607\">\n\t\t\t\t\t\t<section class=\"elementor-section elementor-top-section elementor-element elementor-element-842653f elementor-section-boxed elementor-section-height-default elementor-section-height-default\" data-id=\"842653f\" data-element_type=\"section\" data-settings=\"{&quot;background_background&quot;:&quot;classic&quot;}\">\n\t\t\t\t\t\t<div class=\"elementor-container elementor-column-gap-default\">\n\t\t\t\t\t<div class=\"elementor-column elementor-col-33 elementor-top-column elementor-element elementor-element-5b9f11f\" data-id=\"5b9f11f\" data-element_type=\"column\" data-settings=\"{&quot;background_background&quot;:&quot;classic&quot;}\">\n\t\t\t<div class=\"elementor-widget-wrap elementor-element-populated\">\n\t\t\t\t\t\t<div class=\"elementor-element elementor-element-1c0c6ad4 elementor-view-framed elementor-shape-circle elementor-widget elementor-widget-icon\" data-id=\"1c0c6ad4\" data-element_type=\"widget\" data-widget_type=\"icon.default\">\n\t\t\t\t<div class=\"elementor-widget-container\">\n\t\t\t\t\t<div class=\"elementor-icon-wrapper\">\n\t\t\t<div class=\"elementor-icon\">\n\t\t\t\t\t\t\t<i class=\"rt-elementor-icon icon-39_mail\" aria-hidden=\"true\"><\/i>\n\t\t\t\t\t\t<\/div>\n\t\t<\/div>\n\t\t\t\t<\/div>\n\t\t\t\t<\/div>\n\t\t\t\t\t<\/div>\n\t\t<\/div>\n\t\t\t\t<div class=\"elementor-column elementor-col-33 elementor-top-column elementor-element elementor-element-75926b13\" data-id=\"75926b13\" data-element_type=\"column\" data-settings=\"{&quot;background_background&quot;:&quot;classic&quot;}\">\n\t\t\t<div class=\"elementor-widget-wrap elementor-element-populated\">\n\t\t\t\t\t\t<div class=\"elementor-element elementor-element-3285dc4 elementor-view-framed elementor-shape-circle elementor-widget elementor-widget-icon\" data-id=\"3285dc4\" data-element_type=\"widget\" data-widget_type=\"icon.default\">\n\t\t\t\t<div class=\"elementor-widget-container\">\n\t\t\t\t\t<div class=\"elementor-icon-wrapper\">\n\t\t\t<div class=\"elementor-icon\">\n\t\t\t\t\t\t\t<i class=\"rt-elementor-icon icon-42_phone\" aria-hidden=\"true\"><\/i>\n\t\t\t\t\t\t<\/div>\n\t\t<\/div>\n\t\t\t\t<\/div>\n\t\t\t\t<\/div>\n\t\t\t\t\t<\/div>\n\t\t<\/div>\n\t\t\t\t<div class=\"elementor-column elementor-col-33 elementor-top-column elementor-element elementor-element-54ee6fcb\" data-id=\"54ee6fcb\" data-element_type=\"column\" data-settings=\"{&quot;background_background&quot;:&quot;classic&quot;}\">\n\t\t\t<div class=\"elementor-widget-wrap elementor-element-populated\">\n\t\t\t\t\t\t<div class=\"elementor-element elementor-element-6e2c3b1 elementor-view-framed elementor-shape-circle elementor-widget elementor-widget-icon\" data-id=\"6e2c3b1\" data-element_type=\"widget\" data-widget_type=\"icon.default\">\n\t\t\t\t<div class=\"elementor-widget-container\">\n\t\t\t\t\t<div class=\"elementor-icon-wrapper\">\n\t\t\t<div class=\"elementor-icon\">\n\t\t\t\t\t\t\t<i class=\"rt-elementor-icon icon-25_map_pointer\" aria-hidden=\"true\"><\/i>\n\t\t\t\t\t\t<\/div>\n\t\t<\/div>\n\t\t\t\t<\/div>\n\t\t\t\t<\/div>\n\t\t\t\t\t<\/div>\n\t\t<\/div>\n\t\t\t\t\t<\/div>\n\t\t<\/section>\n\t\t\t\t<section class=\"elementor-section elementor-top-section elementor-element elementor-element-c490605 elementor-section-boxed elementor-section-height-default elementor-section-height-default\" data-id=\"c490605\" data-element_type=\"section\">\n\t\t\t\t\t\t<div class=\"elementor-container elementor-column-gap-default\">\n\t\t\t\t\t<div class=\"elementor-column elementor-col-100 elementor-top-column elementor-element elementor-element-9abeb23\" data-id=\"9abeb23\" data-element_type=\"column\">\n\t\t\t<div class=\"elementor-widget-wrap elementor-element-populated\">\n\t\t\t\t\t\t<div class=\"elementor-element elementor-element-a8195de animated-slow elementor-position-top elementor-invisible elementor-widget elementor-widget-image-box\" data-id=\"a8195de\" data-element_type=\"widget\" data-settings=\"{&quot;_animation&quot;:&quot;zoomInDown&quot;}\" data-widget_type=\"image-box.default\">\n\t\t\t\t<div class=\"elementor-widget-container\">\n\t\t\t<div class=\"elementor-image-box-wrapper\"><figure class=\"elementor-image-box-img\"><img fetchpriority=\"high\" decoding=\"async\" width=\"1024\" height=\"574\" src=\"https:\/\/agiagro.agr.br\/site\/wp-content\/uploads\/2021\/01\/csm_Foto_2_estudio_-_Geocom_cb5d8cd36d-1024x574.png\" class=\"attachment-large size-large wp-image-6862\" alt=\"\" srcset=\"https:\/\/agiagro.agr.br\/site\/wp-content\/uploads\/2021\/01\/csm_Foto_2_estudio_-_Geocom_cb5d8cd36d-1024x574.png 1024w, https:\/\/agiagro.agr.br\/site\/wp-content\/uploads\/2021\/01\/csm_Foto_2_estudio_-_Geocom_cb5d8cd36d-300x168.png 300w, https:\/\/agiagro.agr.br\/site\/wp-content\/uploads\/2021\/01\/csm_Foto_2_estudio_-_Geocom_cb5d8cd36d-768x430.png 768w, https:\/\/agiagro.agr.br\/site\/wp-content\/uploads\/2021\/01\/csm_Foto_2_estudio_-_Geocom_cb5d8cd36d-555x311.png 555w, https:\/\/agiagro.agr.br\/site\/wp-content\/uploads\/2021\/01\/csm_Foto_2_estudio_-_Geocom_cb5d8cd36d-915x513.png 915w, https:\/\/agiagro.agr.br\/site\/wp-content\/uploads\/2021\/01\/csm_Foto_2_estudio_-_Geocom_cb5d8cd36d-600x336.png 600w, https:\/\/agiagro.agr.br\/site\/wp-content\/uploads\/2021\/01\/csm_Foto_2_estudio_-_Geocom_cb5d8cd36d-393x220.png 393w, https:\/\/agiagro.agr.br\/site\/wp-content\/uploads\/2021\/01\/csm_Foto_2_estudio_-_Geocom_cb5d8cd36d-290x163.png 290w, https:\/\/agiagro.agr.br\/site\/wp-content\/uploads\/2021\/01\/csm_Foto_2_estudio_-_Geocom_cb5d8cd36d.png 1110w\" sizes=\"(max-width: 1024px) 100vw, 1024px\" \/><\/figure><div class=\"elementor-image-box-content\"><h3 class=\"elementor-image-box-title\">Crescendo com Voc\u00ea<\/h3><p class=\"elementor-image-box-description\">Ainda tem d\u00favidas? ou quer saber mais sobre nossas redes sociais? clique nos \u00edcones abaixo<\/p><\/div><\/div>\t\t<\/div>\n\t\t\t\t<\/div>\n\t\t\t\t\t<\/div>\n\t\t<\/div>\n\t\t\t\t\t<\/div>\n\t\t<\/section>\n\t\t\t\t<section class=\"elementor-section elementor-top-section elementor-element elementor-element-8a46d79 elementor-section-height-min-height elementor-section-boxed elementor-section-height-default elementor-section-items-middle\" data-id=\"8a46d79\" data-element_type=\"section\" data-settings=\"{&quot;background_background&quot;:&quot;classic&quot;}\">\n\t\t\t\t\t\t\t<div class=\"elementor-background-overlay\"><\/div>\n\t\t\t\t\t\t\t<div class=\"elementor-container elementor-column-gap-default\">\n\t\t\t\t\t<div class=\"elementor-column elementor-col-100 elementor-top-column elementor-element elementor-element-6145f98\" data-id=\"6145f98\" data-element_type=\"column\">\n\t\t\t<div class=\"elementor-widget-wrap elementor-element-populated\">\n\t\t\t\t\t\t<div class=\"elementor-element elementor-element-d191d67 elementor-align-center elementor-invisible elementor-widget elementor-widget-button\" data-id=\"d191d67\" data-element_type=\"widget\" data-settings=\"{&quot;_animation&quot;:&quot;rubberBand&quot;}\" data-widget_type=\"button.default\">\n\t\t\t\t<div class=\"elementor-widget-container\">\n\t\t\t\t\t\t\t<div class=\"elementor-button-wrapper\">\n\t\t\t\t\t<a class=\"elementor-button elementor-button-link elementor-size-sm\" href=\"https:\/\/api.whatsapp.com\/send?phone=5534999961918&#038;text=Ol%C3%A1%20eu%20vi%20no%20site%20da%20Agiagro%20que%20voc%C3%AAs%20tem%20as%20melhores%20maneiras%20de%20acabar%20com%20as%20pragas%20nas%20planta%C3%A7%C3%B5es%2C%20e%20gostaria%20de%20saber%20mais%2C%20eu%20me%20chamo%3A\">\n\t\t\t\t\t\t<span class=\"elementor-button-content-wrapper\">\n\t\t\t\t\t\t\t\t\t<span class=\"elementor-button-text\">WhatsApp<\/span>\n\t\t\t\t\t<\/span>\n\t\t\t\t\t<\/a>\n\t\t\t\t<\/div>\n\t\t\t\t\t\t<\/div>\n\t\t\t\t<\/div>\n\t\t\t\t<div class=\"elementor-element elementor-element-099c2b7 elementor-shape-circle elementor-grid-0 e-grid-align-center elementor-invisible elementor-widget elementor-widget-social-icons\" data-id=\"099c2b7\" data-element_type=\"widget\" data-settings=\"{&quot;_animation&quot;:&quot;rubberBand&quot;}\" data-widget_type=\"social-icons.default\">\n\t\t\t\t<div class=\"elementor-widget-container\">\n\t\t\t\t\t<div class=\"elementor-social-icons-wrapper elementor-grid\">\n\t\t\t\t\t\t\t<span class=\"elementor-grid-item\">\n\t\t\t\t\t<a class=\"elementor-icon elementor-social-icon elementor-social-icon-facebook elementor-repeater-item-f2a0a2a\" href=\"https:\/\/www.facebook.com\/agiagro_-105910754372969\" target=\"_blank\">\n\t\t\t\t\t\t<span class=\"elementor-screen-only\">Facebook<\/span>\n\t\t\t\t\t\t<i class=\"fab fa-facebook\"><\/i>\t\t\t\t\t<\/a>\n\t\t\t\t<\/span>\n\t\t\t\t\t\t\t<span class=\"elementor-grid-item\">\n\t\t\t\t\t<a class=\"elementor-icon elementor-social-icon elementor-social-icon-instagram elementor-repeater-item-e7d38a4\" href=\"https:\/\/www.instagram.com\/agiagro_\/\" target=\"_blank\">\n\t\t\t\t\t\t<span class=\"elementor-screen-only\">Instagram<\/span>\n\t\t\t\t\t\t<i class=\"fab fa-instagram\"><\/i>\t\t\t\t\t<\/a>\n\t\t\t\t<\/span>\n\t\t\t\t\t<\/div>\n\t\t\t\t<\/div>\n\t\t\t\t<\/div>\n\t\t\t\t\t<\/div>\n\t\t<\/div>\n\t\t\t\t\t<\/div>\n\t\t<\/section>\n\t\t\t\t<\/div>\n\t\t","protected":false},"excerpt":{"rendered":"<p>atendimento@agiagro.agr.br (34) 3222-7501 R. Melo Viana, 88 &#8211; Martins 38400-376 Uberl\u00e2ndia &#8211; MG Crescendo com Voc\u00ea Ainda tem d\u00favidas? ou quer saber mais sobre nossas redes sociais? clique nos \u00edcones abaixo WhatsApp Facebook Instagram<\/p>\n","protected":false},"author":1,"featured_media":0,"parent":0,"menu_order":0,"comment_status":"closed","ping_status":"closed","template":"","meta":{"footnotes":""},"class_list":["post-5607","page","type-page","status-publish","hentry"],"_links":{"self":[{"href":"https:\/\/agiagro.agr.br\/site\/wp-json\/wp\/v2\/pages\/5607"}],"collection":[{"href":"https:\/\/agiagro.agr.br\/site\/wp-json\/wp\/v2\/pages"}],"about":[{"href":"https:\/\/agiagro.agr.br\/site\/wp-json\/wp\/v2\/types\/page"}],"author":[{"embeddable":true,"href":"https:\/\/agiagro.agr.br\/site\/wp-json\/wp\/v2\/users\/1"}],"replies":[{"embeddable":true,"href":"https:\/\/agiagro.agr.br\/site\/wp-json\/wp\/v2\/comments?post=5607"}],"version-history":[{"count":14,"href":"https:\/\/agiagro.agr.br\/site\/wp-json\/wp\/v2\/pages\/5607\/revisions"}],"predecessor-version":[{"id":7367,"href":"https:\/\/agiagro.agr.br\/site\/wp-json\/wp\/v2\/pages\/5607\/revisions\/7367"}],"wp:attachment":[{"href":"https:\/\/agiagro.agr.br\/site\/wp-json\/wp\/v2\/media?parent=5607"}],"curies":[{"name":"wp","href":"https:\/\/api.w.org\/{rel}","templated":true}]}}